{"id":8,"date":"2025-05-28T15:57:32","date_gmt":"2025-05-28T15:57:32","guid":{"rendered":"https:\/\/tomodatysinfo.com.br\/home\/?page_id=8"},"modified":"2025-05-28T19:27:41","modified_gmt":"2025-05-28T19:27:41","slug":"home","status":"publish","type":"page","link":"https:\/\/tomodatysinfo.com.br\/","title":{"rendered":"Home"},"content":{"rendered":"\n<div class=\"wp-block-cover alignfull is-light\" style=\"min-height:720px;aspect-ratio:unset;\"><span aria-hidden=\"true\" class=\"wp-block-cover__background has-background-dim-100 has-background-dim has-background-gradient\" style=\"background:linear-gradient(35deg,rgb(6,0,151) 0%,rgb(130,4,255) 73%,rgb(193,15,255) 100%)\"><\/span><div class=\"wp-block-cover__inner-container is-layout-flow wp-block-cover-is-layout-flow\">\n<div class=\"inherit-container-width wp-block-group alignwide is-layout-constrained wp-block-group-is-layout-constrained\">\n<div class=\"wp-block-media-text alignwide has-media-on-the-right is-stacked-on-mobile is-vertically-aligned-center\" style=\"grid-template-columns:auto 43%\"><div class=\"wp-block-media-text__content\">\n<h2 class=\"wp-block-heading has-text-align-left has-white-color has-text-color\"><strong>TOMODATYS INFORM\u00c1TICA<\/strong><\/h2>\n\n\n\n<p class=\"has-white-color has-text-color\">Buscando parceria para sua \u00e1rea de T.I ?<br>Podemos te ajudar !!!<\/p>\n\n\n\n<div class=\"wp-block-buttons is-layout-flex wp-block-buttons-is-layout-flex\">\n<div class=\"wp-block-button\"><a class=\"wp-block-button__link wp-element-button\" href=\"#contact\">Contato<\/a><\/div>\n<\/div>\n<\/div><figure class=\"wp-block-media-text__media\"><img decoding=\"async\" src=\"https:\/\/tomodatysinfo.com.br\/wp-content\/themes\/astra\/inc\/assets\/images\/starter-content\/hero-img.svg\" alt=\"\" class=\"wp-image-118 size-full\"\/><\/figure><\/div>\n<\/div>\n<\/div><\/div>\n\n\n\n<div class=\"wp-block-group alignfull has-ast-global-color-5-background-color has-background is-layout-constrained wp-container-core-group-is-layout-9cedb757 wp-block-group-is-layout-constrained\" style=\"padding-bottom:0px\">\n<div class=\"wp-block-columns are-vertically-aligned-top is-layout-flex wp-container-core-columns-is-layout-00723822 wp-block-columns-is-layout-flex\">\n<div class=\"wp-block-column is-vertically-aligned-top is-layout-flow wp-container-core-column-is-layout-6b73ce23 wp-block-column-is-layout-flow\">\n<figure class=\"wp-block-image size-large\"><img decoding=\"async\" src=\"https:\/\/tomodatysinfo.com.br\/wp-content\/themes\/astra\/inc\/assets\/images\/starter-content\/building.svg\" alt=\"\" class=\"wp-image-134\"\/><\/figure>\n\n\n\n<h3 class=\"wp-block-heading has-text-align-left\" style=\"margin-top:16px\">Servidores<\/h3>\n\n\n\n<p class=\"has-text-align-left\">Somos parceiros e representantes dos melhores Fabricantes.<\/p>\n<\/div>\n\n\n\n<div class=\"wp-block-column is-vertically-aligned-top is-layout-flow wp-container-core-column-is-layout-6b73ce23 wp-block-column-is-layout-flow\">\n<figure class=\"wp-block-image size-large\"><img decoding=\"async\" src=\"https:\/\/tomodatysinfo.com.br\/wp-content\/themes\/astra\/inc\/assets\/images\/starter-content\/shopping-bag.svg\" alt=\"\" class=\"wp-image-135\"\/><\/figure>\n\n\n\n<h3 class=\"wp-block-heading has-text-align-left\" style=\"margin-top:16px\">Suporte<\/h3>\n\n\n\n<p class=\"has-text-align-left\">Nossa equipe \u00e9 treinado e certificado nos melhores parceiros e institui\u00e7\u00f5es.<\/p>\n<\/div>\n\n\n\n<div class=\"wp-block-column is-vertically-aligned-top is-layout-flow wp-container-core-column-is-layout-6b73ce23 wp-block-column-is-layout-flow\">\n<figure class=\"wp-block-image size-large\"><img decoding=\"async\" src=\"https:\/\/tomodatysinfo.com.br\/wp-content\/themes\/astra\/inc\/assets\/images\/starter-content\/blog.svg\" alt=\"\" class=\"wp-image-136\"\/><\/figure>\n\n\n\n<h3 class=\"wp-block-heading has-text-align-left\" style=\"margin-top:16px\">Atendimento<\/h3>\n\n\n\n<p class=\"has-text-align-left\">Priorizamos seu neg\u00f3cio, por isso somos r\u00e1pidos no atendimento.<\/p>\n<\/div>\n\n\n\n<div class=\"wp-block-column is-vertically-aligned-top is-layout-flow wp-container-core-column-is-layout-6b73ce23 wp-block-column-is-layout-flow\">\n<figure class=\"wp-block-image size-large\"><img decoding=\"async\" src=\"https:\/\/tomodatysinfo.com.br\/wp-content\/themes\/astra\/inc\/assets\/images\/starter-content\/portfolio.svg\" alt=\"\" class=\"wp-image-137\"\/><\/figure>\n\n\n\n<h3 class=\"wp-block-heading has-text-align-left\" style=\"margin-top:16px\">Portfolio<\/h3>\n\n\n\n<p class=\"has-text-align-left\">Consulte nossos cases de sucesso e servi\u00e7os.<\/p>\n<\/div>\n<\/div>\n<\/div>\n\n\n\n<div class=\"wp-block-group alignfull is-layout-constrained wp-container-core-group-is-layout-45b0ac4f wp-block-group-is-layout-constrained\" id=\"services\" style=\"padding-top:144px;padding-bottom:0px\">\n<h2 class=\"wp-block-heading\">SERVI\u00c7OS<\/h2>\n\n\n\n<div class=\"wp-block-columns is-layout-flex wp-container-core-columns-is-layout-60cbf9bb wp-block-columns-is-layout-flex\" style=\"margin-top:50px\">\n<div class=\"wp-block-column is-layout-flow wp-container-core-column-is-layout-6b73ce23 wp-block-column-is-layout-flow\">\n<figure class=\"wp-block-image size-full is-resized is-style-rounded\"><img loading=\"lazy\" decoding=\"async\" width=\"217\" height=\"198\" src=\"https:\/\/tomodatysinfo.com.br\/wp-content\/uploads\/2025\/05\/microsoft.jpg\" alt=\"\" class=\"wp-image-53\" style=\"width:200px;height:auto\"\/><\/figure>\n\n\n\n<h3 class=\"wp-block-heading\" style=\"margin-top:16px\">MICROSOFT<\/h3>\n\n\n\n<p>Servi\u00e7os:<\/p>\n\n\n\n<ul class=\"wp-block-list\">\n<li>Servidores de dados<\/li>\n\n\n\n<li>Servidores de controle de esta\u00e7\u00e3o<\/li>\n\n\n\n<li>Servidor DHCP<\/li>\n\n\n\n<li>Servidor Web<\/li>\n<\/ul>\n<\/div>\n\n\n\n<div class=\"wp-block-column is-layout-flow wp-container-core-column-is-layout-6b73ce23 wp-block-column-is-layout-flow\">\n<figure class=\"wp-block-image size-full is-resized is-style-default\"><img loading=\"lazy\" decoding=\"async\" width=\"145\" height=\"158\" src=\"https:\/\/tomodatysinfo.com.br\/wp-content\/uploads\/2025\/05\/servidores.jpg\" alt=\"\" class=\"wp-image-38\" style=\"width:167px;height:auto\"\/><\/figure>\n\n\n\n<h3 class=\"wp-block-heading\" style=\"margin-top:16px\">EQUIPAMENTOS<\/h3>\n\n\n\n<p>Utilizamos os melhores equipamentos e marcas, DELL, HP, CISCO, INTELBRAS.<\/p>\n\n\n\n<ul class=\"wp-block-list\">\n<li>Venda<\/li>\n\n\n\n<li>Manuten\u00e7\u00e3o<\/li>\n\n\n\n<li>Instala\u00e7\u00e3o<\/li>\n<\/ul>\n<\/div>\n\n\n\n<div class=\"wp-block-column is-layout-flow wp-container-core-column-is-layout-6b73ce23 wp-block-column-is-layout-flow\">\n<figure class=\"wp-block-image size-full\"><img loading=\"lazy\" decoding=\"async\" width=\"259\" height=\"194\" src=\"https:\/\/tomodatysinfo.com.br\/wp-content\/uploads\/2025\/05\/cameamento2.jpg\" alt=\"\" class=\"wp-image-33\"\/><\/figure>\n\n\n\n<h3 class=\"wp-block-heading\" style=\"margin-top:16px\">REDE \/ INFRAESTRUTURA<\/h3>\n\n\n\n<p>Organizamos a sua infraestruturas, configuramos sua rede.<\/p>\n\n\n\n<ul class=\"wp-block-list\">\n<li>Montagem de Rack<\/li>\n\n\n\n<li>Crimpagem de cabos<\/li>\n\n\n\n<li>Organiza\u00e7\u00e3o do CPD<\/li>\n<\/ul>\n<\/div>\n<\/div>\n\n\n\n<div class=\"wp-block-columns is-layout-flex wp-container-core-columns-is-layout-60cbf9bb wp-block-columns-is-layout-flex\" style=\"margin-top:50px\">\n<div class=\"wp-block-column is-layout-flow wp-container-core-column-is-layout-6b73ce23 wp-block-column-is-layout-flow\">\n<figure class=\"wp-block-image size-full is-resized is-style-rounded\"><img loading=\"lazy\" decoding=\"async\" width=\"217\" height=\"200\" src=\"https:\/\/tomodatysinfo.com.br\/wp-content\/uploads\/2025\/05\/linux.jpg\" alt=\"\" class=\"wp-image-31\" style=\"width:212px;height:auto\"\/><\/figure>\n\n\n\n<h3 class=\"wp-block-heading\" style=\"margin-top:16px\">LINUX<\/h3>\n\n\n\n<p>Implantamos servi\u00e7os em linux.<\/p>\n\n\n\n<ul class=\"wp-block-list\">\n<li>Servidores de dados<\/li>\n\n\n\n<li>Servidor de Internet<\/li>\n\n\n\n<li>Servidor de Impressao<\/li>\n\n\n\n<li>Firewall<\/li>\n<\/ul>\n<\/div>\n\n\n\n<div class=\"wp-block-column is-layout-flow wp-container-core-column-is-layout-6b73ce23 wp-block-column-is-layout-flow\">\n<figure class=\"wp-block-image size-full is-resized is-style-default\"><img loading=\"lazy\" decoding=\"async\" width=\"217\" height=\"150\" src=\"https:\/\/tomodatysinfo.com.br\/wp-content\/uploads\/2025\/05\/cameras-1.jpg\" alt=\"\" class=\"wp-image-54\" style=\"width:276px;height:auto\"\/><\/figure>\n\n\n\n<h3 class=\"wp-block-heading\" style=\"margin-top:16px\">CAMERAS<\/h3>\n\n\n\n<p>Instalamos e configuramos os equipamentos de seguran\u00e7a da sua empresa.<\/p>\n\n\n\n<ul class=\"wp-block-list\">\n<li>Vendas<\/li>\n\n\n\n<li>Configura\u00e7\u00e3o<\/li>\n\n\n\n<li>Planejamento<\/li>\n\n\n\n<li>Cameras IP \/ Anal\u00f3gica<\/li>\n<\/ul>\n<\/div>\n\n\n\n<div class=\"wp-block-column is-layout-flow wp-container-core-column-is-layout-6b73ce23 wp-block-column-is-layout-flow\">\n<figure class=\"wp-block-image size-full is-resized\"><img loading=\"lazy\" decoding=\"async\" width=\"217\" height=\"149\" src=\"https:\/\/tomodatysinfo.com.br\/wp-content\/uploads\/2025\/05\/Nuvem.jpg\" alt=\"\" class=\"wp-image-62\" style=\"width:271px;height:auto\"\/><\/figure>\n\n\n\n<h3 class=\"wp-block-heading\">NUVEM<\/h3>\n\n\n\n<p>A migra\u00e7\u00e3o de dados para nuvem \u00e9 uma realidade e seguran\u00e7a atualmente.<\/p>\n\n\n\n<ul class=\"wp-block-list\">\n<li>File Server<\/li>\n\n\n\n<li>Backup<\/li>\n\n\n\n<li>Azure<\/li>\n\n\n\n<li>Azure AD<\/li>\n\n\n\n<li>TELEFONIA IP<\/li>\n<\/ul>\n<\/div>\n<\/div>\n<\/div>\n\n\n\n<div class=\"wp-block-group alignfull has-ast-global-color-5-background-color has-background is-layout-constrained wp-container-core-group-is-layout-94d206d0 wp-block-group-is-layout-constrained\" id=\"about\" style=\"padding-top:143px;padding-bottom:144px\">\n<div class=\"wp-block-media-text has-media-on-the-right is-stacked-on-mobile is-vertically-aligned-center\"><div class=\"wp-block-media-text__content\">\n<div class=\"inherit-container-width wp-block-group is-layout-constrained wp-container-core-group-is-layout-47ce07ec wp-block-group-is-layout-constrained\" style=\"padding-right:80px\">\n<h2 class=\"wp-block-heading\" style=\"padding-right:40px\">Quem Somos !!<\/h2>\n\n\n\n<p class=\"has-text-align-left\">A TOMODATYS INFORM\u00c1TICA, com 25 anos de experi\u00eancia no mercado, desempenha um papel crucial na transforma\u00e7\u00e3o digital das empresas desde a virada do mil\u00eanio. Sua funda\u00e7\u00e3o coincide com a crescente necessidade das organiza\u00e7\u00f5es em adotar tecnologias que otimizem processos, aumentem a efici\u00eancia e melhorem a gest\u00e3o de dados. Ao longo dos anos, a TOMODATYS evoluiu, acompanhando as tend\u00eancias tecnol\u00f3gicas e oferecendo solu\u00e7\u00f5es personalizadas que atendem \u00e0s demandas espec\u00edficas de cada cliente.<\/p>\n\n\n\n<p>Se precisar de mais informa\u00e7\u00f5es sobre os servi\u00e7os oferecidos, a trajet\u00f3ria da empresa ou exemplos de projetos realizados, entre em contato.<\/p>\n\n\n\n<p class=\"has-text-align-left\">A palavra tomodachi \u53cb\u9054 na l\u00edngua japonesa significa &#8220;amigo&#8221;, essa \u00e9 nossa filosofia profissional, ser amigo e parceiro dos nossos clientes !!<\/p>\n<\/div>\n<\/div><figure class=\"wp-block-media-text__media\"><img decoding=\"async\" src=\"https:\/\/tomodatysinfo.com.br\/wp-content\/themes\/astra\/inc\/assets\/images\/starter-content\/about-us.jpg\" alt=\"\" class=\"wp-image-237 size-full\"\/><\/figure><\/div>\n<\/div>\n\n\n\n<div class=\"wp-block-group alignfull is-layout-constrained wp-container-core-group-is-layout-3fee123f wp-block-group-is-layout-constrained\" id=\"whyus\" style=\"padding-top:144px;padding-bottom:144px\">\n<h2 class=\"wp-block-heading\">Porque n\u00f3s  TOMODATYS<\/h2>\n\n\n\n<div class=\"wp-block-columns is-layout-flex wp-container-core-columns-is-layout-29aadeec wp-block-columns-is-layout-flex\" style=\"margin-top:60px\">\n<div class=\"wp-block-column is-layout-flow wp-container-core-column-is-layout-6b73ce23 wp-block-column-is-layout-flow\">\n<figure class=\"wp-block-image size-large\"><img decoding=\"async\" src=\"https:\/\/tomodatysinfo.com.br\/wp-content\/themes\/astra\/inc\/assets\/images\/starter-content\/passionate.svg\" alt=\"\" class=\"wp-image-162\"\/><\/figure>\n\n\n\n<h3 class=\"wp-block-heading\" style=\"margin-top:16px\">Confiabilidade<\/h3>\n\n\n\n<p>Hoje com a \u00e1rea digital, trabalhamos com dados sigilosos e importantes, onde nossos profissionais mantem sigilo e seguran\u00e7a com os dados.<\/p>\n<\/div>\n\n\n\n<div class=\"wp-block-column is-layout-flow wp-container-core-column-is-layout-6b73ce23 wp-block-column-is-layout-flow\">\n<figure class=\"wp-block-image size-large\"><img decoding=\"async\" src=\"https:\/\/tomodatysinfo.com.br\/wp-content\/themes\/astra\/inc\/assets\/images\/starter-content\/professional.svg\" alt=\"\" class=\"wp-image-163\"\/><\/figure>\n\n\n\n<h3 class=\"wp-block-heading\" style=\"margin-top:16px\">Profissionalismo<\/h3>\n\n\n\n<p>Nossos profissionais s\u00e3o capacitamos para atender sua necessidade com rapidez, segurando o servi\u00e7o contratado.<\/p>\n<\/div>\n\n\n\n<div class=\"wp-block-column is-layout-flow wp-container-core-column-is-layout-6b73ce23 wp-block-column-is-layout-flow\">\n<figure class=\"wp-block-image size-large\"><img decoding=\"async\" src=\"https:\/\/tomodatysinfo.com.br\/wp-content\/themes\/astra\/inc\/assets\/images\/starter-content\/support.svg\" alt=\"\" class=\"wp-image-164\"\/><\/figure>\n\n\n\n<h3 class=\"wp-block-heading\" style=\"margin-top:16px\">Suporte<\/h3>\n\n\n\n<ul class=\"wp-block-list\">\n<li>Atendimento in-loco<\/li>\n\n\n\n<li>Atendimento Remoto<\/li>\n\n\n\n<li>Atendimento por telefone<\/li>\n<\/ul>\n<\/div>\n<\/div>\n<\/div>\n\n\n\n<div class=\"wp-block-group alignfull has-background is-layout-constrained wp-container-core-group-is-layout-cfcca693 wp-block-group-is-layout-constrained\" id=\"contact\" style=\"background:linear-gradient(35deg,rgb(6,0,151) 0%,rgb(130,4,255) 64%,rgb(193,15,255) 98%);padding-top:104px;padding-bottom:104px\">\n<h4 class=\"wp-block-heading has-text-align-center has-text-color\" style=\"color:#ffffff\">tomodatys@tomodatysinfo.com.br<\/h4>\n\n\n\n<div class=\"wp-block-buttons alignwide is-horizontal is-content-justification-center is-layout-flex wp-container-core-buttons-is-layout-bba8380a wp-block-buttons-is-layout-flex\" style=\"margin-top:50px\">\n<div class=\"wp-block-button\"><a class=\"wp-block-button__link wp-element-button\" href=\"mailto:tomodatys@tomodatysinfo.com.br\">FALE CONOSCO<\/a><\/div>\n<\/div>\n<\/div>\n","protected":false},"excerpt":{"rendered":"<p>Servidores Somos parceiros e representantes dos melhores Fabricantes. Suporte Nossa equipe \u00e9 treinado e certificado nos melhores parceiros e institui\u00e7\u00f5es. [&hellip;]<\/p>\n","protected":false},"author":1,"featured_media":0,"parent":0,"menu_order":0,"comment_status":"closed","ping_status":"closed","template":"","meta":{"site-sidebar-layout":"no-sidebar","site-content-layout":"plain-container","ast-site-content-layout":"","site-content-style":"default","site-sidebar-style":"default","ast-global-header-display":"","ast-banner-title-visibility":"","ast-main-header-display":"","ast-hfb-above-header-display":"","ast-hfb-below-header-display":"","ast-hfb-mobile-header-display":"","site-post-title":"disabled","ast-breadcrumbs-content":"","ast-featured-img":"","footer-sml-layout":"","theme-transparent-header-meta":"enabled","adv-header-id-meta":"","stick-header-meta":"","header-above-stick-meta":"","header-main-stick-meta":"","header-below-stick-meta":"","astra-migrate-meta-layouts":"default","ast-page-background-enabled":"default","ast-page-background-meta":{"desktop":{"background-color":"var(--ast-global-color-5)","background-image":"","background-repeat":"repeat","background-position":"center center","background-size":"auto","background-attachment":"scroll","background-type":"","background-media":"","overlay-type":"","overlay-color":"","overlay-opacity":"","overlay-gradient":""},"tablet":{"background-color":"","background-image":"","background-repeat":"repeat","background-position":"center center","background-size":"auto","background-attachment":"scroll","background-type":"","background-media":"","overlay-type":"","overlay-color":"","overlay-opacity":"","overlay-gradient":""},"mobile":{"background-color":"","background-image":"","background-repeat":"repeat","background-position":"center center","background-size":"auto","background-attachment":"scroll","background-type":"","background-media":"","overlay-type":"","overlay-color":"","overlay-opacity":"","overlay-gradient":""}},"ast-content-background-meta":{"desktop":{"background-color":"var(--ast-global-color-4)","background-image":"","background-repeat":"repeat","background-position":"center center","background-size":"auto","background-attachment":"scroll","background-type":"","background-media":"","overlay-type":"","overlay-color":"","overlay-opacity":"","overlay-gradient":""},"tablet":{"background-color":"var(--ast-global-color-4)","background-image":"","background-repeat":"repeat","background-position":"center center","background-size":"auto","background-attachment":"scroll","background-type":"","background-media":"","overlay-type":"","overlay-color":"","overlay-opacity":"","overlay-gradient":""},"mobile":{"background-color":"var(--ast-global-color-4)","background-image":"","background-repeat":"repeat","background-position":"center center","background-size":"auto","background-attachment":"scroll","background-type":"","background-media":"","overlay-type":"","overlay-color":"","overlay-opacity":"","overlay-gradient":""}},"footnotes":""},"class_list":["post-8","page","type-page","status-publish","hentry"],"_links":{"self":[{"href":"https:\/\/tomodatysinfo.com.br\/index.php\/wp-json\/wp\/v2\/pages\/8","targetHints":{"allow":["GET"]}}],"collection":[{"href":"https:\/\/tomodatysinfo.com.br\/index.php\/wp-json\/wp\/v2\/pages"}],"about":[{"href":"https:\/\/tomodatysinfo.com.br\/index.php\/wp-json\/wp\/v2\/types\/page"}],"author":[{"embeddable":true,"href":"https:\/\/tomodatysinfo.com.br\/index.php\/wp-json\/wp\/v2\/users\/1"}],"replies":[{"embeddable":true,"href":"https:\/\/tomodatysinfo.com.br\/index.php\/wp-json\/wp\/v2\/comments?post=8"}],"version-history":[{"count":45,"href":"https:\/\/tomodatysinfo.com.br\/index.php\/wp-json\/wp\/v2\/pages\/8\/revisions"}],"predecessor-version":[{"id":81,"href":"https:\/\/tomodatysinfo.com.br\/index.php\/wp-json\/wp\/v2\/pages\/8\/revisions\/81"}],"wp:attachment":[{"href":"https:\/\/tomodatysinfo.com.br\/index.php\/wp-json\/wp\/v2\/media?parent=8"}],"curies":[{"name":"wp","href":"https:\/\/api.w.org\/{rel}","templated":true}]}}